{"id":199,"date":"2024-08-21T14:49:42","date_gmt":"2024-08-21T12:49:42","guid":{"rendered":"https:\/\/gmz.ckziu1.gda.pl\/?page_id=199"},"modified":"2025-11-07T12:39:49","modified_gmt":"2025-11-07T11:39:49","slug":"zsgh","status":"publish","type":"page","link":"https:\/\/gmz.ckziu1.gda.pl\/index.php\/kursy\/zsgh\/","title":{"rendered":"ZSGH"},"content":{"rendered":"\n<p><img decoding=\"async\" style=\"\" src=\"\" alt=\"\"><\/p>\n\n\n\n<figure class=\"wp-block-image size-full\"><img loading=\"lazy\" decoding=\"async\" width=\"879\" height=\"510\" src=\"https:\/\/gmz.ckziu1.gda.pl\/wp-content\/uploads\/2025\/11\/image-3.png\" alt=\"\" class=\"wp-image-963\" srcset=\"https:\/\/gmz.ckziu1.gda.pl\/wp-content\/uploads\/2025\/11\/image-3.png 879w, https:\/\/gmz.ckziu1.gda.pl\/wp-content\/uploads\/2025\/11\/image-3-300x174.png 300w, https:\/\/gmz.ckziu1.gda.pl\/wp-content\/uploads\/2025\/11\/image-3-768x446.png 768w\" sizes=\"auto, (max-width: 879px) 100vw, 879px\" \/><\/figure>\n\n\n\n<p><strong>ZESP\u00d3\u0141 SZK\u00d3\u0141 GASTRONOMICZNO-HOTELARSKICH<\/strong><\/p>\n\n\n\n<p><strong>Bran\u017ca HOTELARSKO GASTRONOMICZNO TURYSTYCZNA<\/strong><\/p>\n\n\n\n<ol class=\"wp-block-list\">\n<li>Animator czasu wolnego w hotelu<\/li>\n\n\n\n<li>Autoprezentacja i wyst\u0105pienia publiczne<\/li>\n\n\n\n<li>Carving z elementami florystyki (dekoracja sto\u0142u i innych przestrzeni lokalowych<\/li>\n\n\n\n<li>Event manager\/ organizator konferencji<\/li>\n\n\n\n<li>HoReCa w sieci &#8211; sprzeda\u017c i nowoczesny marketing us\u0142ug hotelowych (Jak skutecznie prowadzi\u0107 social media)<\/li>\n\n\n\n<li>Komunikacja interpersonalna pracownika z go\u015bciem hotelowym<\/li>\n\n\n\n<li>Manager gastronomii<\/li>\n\n\n\n<li>Organizacja wesel (mened\u017cer wesel)<\/li>\n\n\n\n<li>Prawo jazdy kat. B<\/li>\n\n\n\n<li>Profesjonalny wizerunek pracownika recepcji hotelowej &#8211; wiza\u017c i dress code<\/li>\n\n\n\n<li>Kurs Baristy<\/li>\n\n\n\n<li>Kurs Barma\u0144ski<\/li>\n\n\n\n<li>Kurs kuchni molekularnej i miksologii molekularnej<\/li>\n\n\n\n<li>Zarz\u0105dzanie kosztami w lokalu gastronomicznym<\/li>\n<\/ol>\n","protected":false},"excerpt":{"rendered":"<p>ZESP\u00d3\u0141 SZK\u00d3\u0141 GASTRONOMICZNO-HOTELARSKICH Bran\u017ca HOTELARSKO GASTRONOMICZNO TURYSTYCZNA<\/p>\n","protected":false},"author":1,"featured_media":0,"parent":29,"menu_order":0,"comment_status":"closed","ping_status":"closed","template":"","meta":{"footnotes":""},"class_list":["post-199","page","type-page","status-publish","hentry"],"_links":{"self":[{"href":"https:\/\/gmz.ckziu1.gda.pl\/index.php\/wp-json\/wp\/v2\/pages\/199","targetHints":{"allow":["GET"]}}],"collection":[{"href":"https:\/\/gmz.ckziu1.gda.pl\/index.php\/wp-json\/wp\/v2\/pages"}],"about":[{"href":"https:\/\/gmz.ckziu1.gda.pl\/index.php\/wp-json\/wp\/v2\/types\/page"}],"author":[{"embeddable":true,"href":"https:\/\/gmz.ckziu1.gda.pl\/index.php\/wp-json\/wp\/v2\/users\/1"}],"replies":[{"embeddable":true,"href":"https:\/\/gmz.ckziu1.gda.pl\/index.php\/wp-json\/wp\/v2\/comments?post=199"}],"version-history":[{"count":7,"href":"https:\/\/gmz.ckziu1.gda.pl\/index.php\/wp-json\/wp\/v2\/pages\/199\/revisions"}],"predecessor-version":[{"id":964,"href":"https:\/\/gmz.ckziu1.gda.pl\/index.php\/wp-json\/wp\/v2\/pages\/199\/revisions\/964"}],"up":[{"embeddable":true,"href":"https:\/\/gmz.ckziu1.gda.pl\/index.php\/wp-json\/wp\/v2\/pages\/29"}],"wp:attachment":[{"href":"https:\/\/gmz.ckziu1.gda.pl\/index.php\/wp-json\/wp\/v2\/media?parent=199"}],"curies":[{"name":"wp","href":"https:\/\/api.w.org\/{rel}","templated":true}]}}