{"id":201,"date":"2024-08-21T14:49:57","date_gmt":"2024-08-21T12:49:57","guid":{"rendered":"https:\/\/gmz.ckziu1.gda.pl\/?page_id=201"},"modified":"2025-11-07T12:36:15","modified_gmt":"2025-11-07T11:36:15","slug":"soit","status":"publish","type":"page","link":"https:\/\/gmz.ckziu1.gda.pl\/index.php\/kursy\/soit\/","title":{"rendered":"SOiT"},"content":{"rendered":"\n<figure class=\"wp-block-image size-full\"><img loading=\"lazy\" decoding=\"async\" width=\"956\" height=\"611\" src=\"https:\/\/gmz.ckziu1.gda.pl\/wp-content\/uploads\/2025\/11\/image.png\" alt=\"\" class=\"wp-image-956\" srcset=\"https:\/\/gmz.ckziu1.gda.pl\/wp-content\/uploads\/2025\/11\/image.png 956w, https:\/\/gmz.ckziu1.gda.pl\/wp-content\/uploads\/2025\/11\/image-300x192.png 300w, https:\/\/gmz.ckziu1.gda.pl\/wp-content\/uploads\/2025\/11\/image-768x491.png 768w\" sizes=\"auto, (max-width: 956px) 100vw, 956px\" \/><\/figure>\n\n\n\n<p><strong>SZKO\u0141Y OKR\u0118TOWE I TECHNICZNE CONRADINUM<\/strong><\/p>\n\n\n\n<p><strong>Bran\u017ca ELEKTROENERGETYCZNA, ELEKTRONICZNO-MECHATRONICZNA<\/strong><\/p>\n\n\n\n<ol class=\"wp-block-list\">\n<li>AUTO CAD poziom I i II<\/li>\n\n\n\n<li>Autodesk Inventor poziom I<\/li>\n\n\n\n<li>Instalator fotowoltaiki<\/li>\n\n\n\n<li>Instalator pomp ciep\u0142a<\/li>\n\n\n\n<li>Kurs F-gazy, CO2 z uprawnieniami<\/li>\n\n\n\n<li>Operator drona<\/li>\n\n\n\n<li>Prawo jazdy kat. B<\/li>\n\n\n\n<li>Bezpieczna praca na wysoko\u015bci z uprawnieniami wysoko\u015bciowymi<\/li>\n\n\n\n<li>Programowanie sterownik\u00f3w PLC<\/li>\n\n\n\n<li>Pierwsza rozmowa kwalifikacyjna o prac\u0119<\/li>\n\n\n\n<li>SEP &#8211; uprawnienia energetyczne<\/li>\n\n\n\n<li>Spawanie TIG\/ MIG\/ MAG<\/li>\n\n\n\n<li>Wy\u0142adowanie elektrostatyczne ang. ESD z uwzgl\u0119dnieniem pakiet\u00f3w elektronicznych<\/li>\n<\/ol>\n\n\n\n<p><strong>Bran\u017ca TRANSPORTU WODNEGO<\/strong><\/p>\n\n\n\n<ol class=\"wp-block-list\">\n<li>AUTO CAD poziom I i II<\/li>\n\n\n\n<li>Autodesk Inventor poziom I<\/li>\n\n\n\n<li>Serwisant (konserwator) urz\u0105dze\u0144 d\u017awigowych UDT<\/li>\n\n\n\n<li>Kurs F-gazy, CO2 z uprawnieniami<\/li>\n\n\n\n<li>Bezpieczna praca na wysoko\u015bci z uprawnieniami wysoko\u015bciowymi<\/li>\n\n\n\n<li>Prawo jazdy kat. B<\/li>\n\n\n\n<li>Programowanie sterownik\u00f3w PLC<\/li>\n\n\n\n<li>SEP &#8211; uprawnienia energetyczne<\/li>\n\n\n\n<li>Spawanie TIG\/ MIG\/ MAG<\/li>\n<\/ol>\n","protected":false},"excerpt":{"rendered":"<p>SZKO\u0141Y OKR\u0118TOWE I TECHNICZNE CONRADINUM Bran\u017ca ELEKTROENERGETYCZNA, ELEKTRONICZNO-MECHATRONICZNA Bran\u017ca TRANSPORTU WODNEGO<\/p>\n","protected":false},"author":1,"featured_media":0,"parent":29,"menu_order":0,"comment_status":"closed","ping_status":"closed","template":"","meta":{"footnotes":""},"class_list":["post-201","page","type-page","status-publish","hentry"],"_links":{"self":[{"href":"https:\/\/gmz.ckziu1.gda.pl\/index.php\/wp-json\/wp\/v2\/pages\/201","targetHints":{"allow":["GET"]}}],"collection":[{"href":"https:\/\/gmz.ckziu1.gda.pl\/index.php\/wp-json\/wp\/v2\/pages"}],"about":[{"href":"https:\/\/gmz.ckziu1.gda.pl\/index.php\/wp-json\/wp\/v2\/types\/page"}],"author":[{"embeddable":true,"href":"https:\/\/gmz.ckziu1.gda.pl\/index.php\/wp-json\/wp\/v2\/users\/1"}],"replies":[{"embeddable":true,"href":"https:\/\/gmz.ckziu1.gda.pl\/index.php\/wp-json\/wp\/v2\/comments?post=201"}],"version-history":[{"count":11,"href":"https:\/\/gmz.ckziu1.gda.pl\/index.php\/wp-json\/wp\/v2\/pages\/201\/revisions"}],"predecessor-version":[{"id":958,"href":"https:\/\/gmz.ckziu1.gda.pl\/index.php\/wp-json\/wp\/v2\/pages\/201\/revisions\/958"}],"up":[{"embeddable":true,"href":"https:\/\/gmz.ckziu1.gda.pl\/index.php\/wp-json\/wp\/v2\/pages\/29"}],"wp:attachment":[{"href":"https:\/\/gmz.ckziu1.gda.pl\/index.php\/wp-json\/wp\/v2\/media?parent=201"}],"curies":[{"name":"wp","href":"https:\/\/api.w.org\/{rel}","templated":true}]}}