{"id":29,"date":"2024-05-09T15:04:27","date_gmt":"2024-05-09T13:04:27","guid":{"rendered":"https:\/\/cku.home.pl\/projekt\/?page_id=29"},"modified":"2026-04-22T07:36:10","modified_gmt":"2026-04-22T05:36:10","slug":"kursy","status":"publish","type":"page","link":"https:\/\/gmz.ckziu1.gda.pl\/index.php\/kursy\/","title":{"rendered":"Kursy"},"content":{"rendered":"\n<div class=\"wp-block-file\"><a id=\"wp-block-file--media-2d83b170-0588-486a-97cc-9c30c676760a\" href=\"https:\/\/gmz.ckziu1.gda.pl\/wp-content\/uploads\/2026\/04\/harmonogram-III-grupa.pdf\" target=\"_blank\" rel=\"noreferrer noopener\">HARMONOGRAM Sternik  III grupa<\/a><\/div>\n\n\n\n<div class=\"wp-block-file\"><a id=\"wp-block-file--media-197618db-9f4d-4ddf-bc70-90385f28df20\" href=\"https:\/\/gmz.ckziu1.gda.pl\/wp-content\/uploads\/2026\/03\/LISTOWNIK-kolor-gcuw.pdf\" target=\"_blank\" rel=\"noreferrer noopener\">HARMONOGRAM Instalator Pomp Ciep\u0142a I grupa <\/a><\/div>\n\n\n\n<div class=\"wp-block-file\"><a id=\"wp-block-file--media-e7bcf757-2f77-44c5-a400-5d22e7f29a5d\" href=\"https:\/\/gmz.ckziu1.gda.pl\/wp-content\/uploads\/2026\/03\/Harmonogram-1-i-2-grupa.pdf\" target=\"_blank\" rel=\"noreferrer noopener\">Harmonogram STERNIK MOTOROWODNY 1 i 2 grupa<\/a><\/div>\n\n\n\n<div class=\"wp-block-file\"><a id=\"wp-block-file--media-bd8414e1-e644-4a7f-b1f0-b750034fad5a\" href=\"https:\/\/gmz.ckziu1.gda.pl\/wp-content\/uploads\/2026\/03\/harmonogram-prawo-jazdy-wszystko-II-tura.pdf\" target=\"_blank\" rel=\"noreferrer noopener\">HARMONOGRAM PRAWO JAZDY wszystkie grupy (II tura)<\/a><\/div>\n\n\n\n<div class=\"wp-block-file\"><a id=\"wp-block-file--media-111e67db-eeeb-4659-acc3-bc569df2c45f\" href=\"https:\/\/gmz.ckziu1.gda.pl\/wp-content\/uploads\/2026\/02\/HARMONOGRAM-II-GRUPA-27.02.2026.pdf\" target=\"_blank\" rel=\"noreferrer noopener\">HARMONOGRAM SPAWANIE MIG\/MAG\/TIG II GRUPA 27.02.2026<\/a><\/div>\n\n\n\n<div class=\"wp-block-file\"><a id=\"wp-block-file--media-d2de2791-bb8e-47f3-a17f-253cd0acd64a\" href=\"https:\/\/gmz.ckziu1.gda.pl\/wp-content\/uploads\/2026\/02\/HARMONOGRAM-SPAWANIE-MIG_TIG_MAG-II-tura.pdf\" target=\"_blank\" rel=\"noreferrer noopener\">HARMONOGRAM SPAWANIE MIG_TIG_MAG II tura &#8211; !!!nieaktualny!!!<\/a><\/div>\n\n\n\n<div class=\"wp-block-file\"><a id=\"wp-block-file--media-261cd16a-108e-4a17-a74b-f1321fab7959\" href=\"https:\/\/gmz.ckziu1.gda.pl\/wp-content\/uploads\/2026\/02\/HARMONOGRAM-Kuchnia-molekularna-wszystko.pdf\" target=\"_blank\" rel=\"noreferrer noopener\">HARMONOGRAM &#8211;  Kuchnia molekularna wszystko<\/a><\/div>\n\n\n\n<div class=\"wp-block-file\"><a id=\"wp-block-file--media-1fc2dd14-1f9b-41a5-a868-f334de82728c\" href=\"https:\/\/gmz.ckziu1.gda.pl\/wp-content\/uploads\/2026\/02\/Hramonogram-Miksologia-Molekularna-wszystko.pdf\" target=\"_blank\" rel=\"noreferrer noopener\">HARMONOGRAM Miksologia Molekularna &#8211; wszystko<\/a><\/div>\n\n\n\n<div class=\"wp-block-file\"><a id=\"wp-block-file--media-f57e3233-5bda-4f3c-abcd-b3fcdf78544d\" href=\"https:\/\/gmz.ckziu1.gda.pl\/wp-content\/uploads\/2026\/02\/HARMONOGRAM-carving-calosc.pdf\" target=\"_blank\" rel=\"noreferrer noopener\">HARMONOGRAM carving ca\u0142o\u015b\u0107<\/a><\/div>\n\n\n\n<div class=\"wp-block-file\"><a id=\"wp-block-file--media-95e1e8d6-d517-40fa-8c39-bde4cfeb940d\" href=\"https:\/\/gmz.ckziu1.gda.pl\/wp-content\/uploads\/2026\/02\/HARMONOGRAM-projektowanie-stron-www-calosc.pdf\" target=\"_blank\" rel=\"noreferrer noopener\">HARMONOGRAM projektowanie stron www ca\u0142o\u015b\u0107<\/a><\/div>\n\n\n\n<div class=\"wp-block-file\"><a id=\"wp-block-file--media-53e9e3de-d756-45c2-a88c-33fa51792eb5\" href=\"https:\/\/gmz.ckziu1.gda.pl\/wp-content\/uploads\/2026\/04\/Harmonogram-III-grupa.pdf\" target=\"_blank\" rel=\"noreferrer noopener\">Zmiana harmonogramu III grupa DRONY<br><\/a><\/div>\n\n\n\n<div class=\"wp-block-file\"><a id=\"wp-block-file--media-b73b30ab-a52a-4f59-a686-27cf633e5474\" href=\"https:\/\/gmz.ckziu1.gda.pl\/wp-content\/uploads\/2026\/02\/HARMONOGRAM-DRONY-calosc.pdf\" target=\"_blank\" rel=\"noreferrer noopener\">HARMONOGRAM DRONY ca\u0142o\u015b\u0107<\/a><\/div>\n\n\n\n<div class=\"wp-block-file\"><a id=\"wp-block-file--media-c019a57f-bd48-47ef-885b-57ec64be41e9\" href=\"https:\/\/gmz.ckziu1.gda.pl\/wp-content\/uploads\/2026\/02\/HARMONOGRAM-hakowy-calosc.pdf\" target=\"_blank\" rel=\"noreferrer noopener\">HARMONOGRAM hakowy &#8211; ca\u0142o\u015b\u0107<\/a><\/div>\n\n\n\n<div class=\"wp-block-file\"><a id=\"wp-block-file--media-dc1491a1-4150-4cd0-95c4-d8f647baa10c\" href=\"https:\/\/gmz.ckziu1.gda.pl\/wp-content\/uploads\/2026\/02\/Harmonogram-sztauer-trymer-calosc.pdf\" target=\"_blank\" rel=\"noreferrer noopener\">HARMONOGRAM sztauer &#8211; trymer ca\u0142o\u015b\u0107<\/a><\/div>\n\n\n\n<div class=\"wp-block-file\"><a id=\"wp-block-file--media-0658231a-80e0-4b2d-b801-740602397b12\" href=\"https:\/\/gmz.ckziu1.gda.pl\/wp-content\/uploads\/2026\/02\/HARMONOGRAM-DRONY-offshore-calosc.pdf\" target=\"_blank\" rel=\"noreferrer noopener\">HARMONOGRAM DRONY offshore ca\u0142o\u015b\u0107<\/a><\/div>\n\n\n\n<div class=\"wp-block-file\"><a id=\"wp-block-file--media-7dd95d83-28d9-4851-9eed-98060e1a7474\" href=\"https:\/\/gmz.ckziu1.gda.pl\/wp-content\/uploads\/2026\/02\/Harmonogram-Cumownik-calosc.pdf\" target=\"_blank\" rel=\"noreferrer noopener\">HARMONOGRAM Cumownik ca\u0142o\u015b\u0107<\/a><\/div>\n\n\n\n<div class=\"wp-block-file\"><a id=\"wp-block-file--media-1d6c6818-cf1c-4747-856b-4391151eb0f4\" href=\"https:\/\/gmz.ckziu1.gda.pl\/wp-content\/uploads\/2026\/02\/harmonogram-STCW-II-grupa.pdf\" target=\"_blank\" rel=\"noreferrer noopener\">HARMONOGRAM STCW II grupa<\/a><\/div>\n\n\n\n<div class=\"wp-block-file\"><a id=\"wp-block-file--media-8e208fbb-defc-4234-a7c9-74c27692e6a6\" href=\"https:\/\/gmz.ckziu1.gda.pl\/wp-content\/uploads\/2026\/04\/harmonogram_AutoCAD_IV-grupa.pdf\" target=\"_blank\" rel=\"noreferrer noopener\">harmonogram_AutoCAD_IV grupa<\/a><\/div>\n\n\n\n<div class=\"wp-block-file\"><a id=\"wp-block-file--media-73f15aa3-e67a-4fdd-8e6f-f6af0ae65d5a\" href=\"https:\/\/gmz.ckziu1.gda.pl\/wp-content\/uploads\/2026\/01\/Harmonogram_AutoCAD.pdf\">HARMONOGRAM_AutoCAD_ca\u0142o\u015b\u0107<\/a><\/div>\n\n\n\n<div class=\"wp-block-file\"><a id=\"wp-block-file--media-d37c5e9e-4a9f-4c95-8bdd-7f101730122a\" href=\"https:\/\/gmz.ckziu1.gda.pl\/wp-content\/uploads\/2026\/01\/Harmonogram_Inventor.pdf\" target=\"_blank\" rel=\"noreferrer noopener\">HARMONOGRAM Inventor ca\u0142o\u015b\u0107<\/a><\/div>\n\n\n\n<div class=\"wp-block-file\"><a id=\"wp-block-file--media-0f782ad2-a243-4026-9d0b-0dfea7a45bad\" href=\"https:\/\/gmz.ckziu1.gda.pl\/wp-content\/uploads\/2025\/12\/harmonogram-wozki-widlowe-calosc.pdf\" target=\"_blank\" rel=\"noreferrer noopener\">HARMONOGRAM w\u00f3zki wid\u0142owe ca\u0142o\u015b\u0107<\/a><\/div>\n\n\n\n<div class=\"wp-block-file\"><a id=\"wp-block-file--media-a519b208-2b0a-4a9b-a037-ee15ed2d9de0\" href=\"https:\/\/gmz.ckziu1.gda.pl\/wp-content\/uploads\/2025\/12\/harmonogram-SEP.pdf\" target=\"_blank\" rel=\"noreferrer noopener\">HARMONOGRAM SEP ca\u0142o\u015b\u0107<\/a><\/div>\n\n\n\n<div class=\"wp-block-file\"><a id=\"wp-block-file--media-50c06d9b-4bfb-4a24-8adb-fc3a117b3785\" href=\"https:\/\/gmz.ckziu1.gda.pl\/wp-content\/uploads\/2025\/12\/harmonogram-BARMAN.pdf\" target=\"_blank\" rel=\"noreferrer noopener\">HARMONOGRAM BARMAN ca\u0142o\u015b\u0107<\/a><\/div>\n\n\n\n<div class=\"wp-block-file\"><a id=\"wp-block-file--media-882573bf-1e46-4112-a386-bd10b216d936\" href=\"https:\/\/gmz.ckziu1.gda.pl\/wp-content\/uploads\/2025\/12\/harmonogram-BARISTA.pdf\" target=\"_blank\" rel=\"noreferrer noopener\">HARMONOGRAM BARISTA ca\u0142o\u015b\u0107<\/a><\/div>\n\n\n\n<div class=\"wp-block-file\"><a id=\"wp-block-file--media-d1b34f37-b80c-4bbb-bd21-09a686ed10ec\" href=\"https:\/\/gmz.ckziu1.gda.pl\/wp-content\/uploads\/2025\/12\/harmonogram-F-GAZY.pdf\" target=\"_blank\" rel=\"noreferrer noopener\">HARMONOGRAM F-GAZY ca\u0142o\u015b\u0107<\/a><\/div>\n\n\n\n<div class=\"wp-block-file\"><a id=\"wp-block-file--media-3c948c1c-e1cc-4d34-8391-bbe75000e1c1\" href=\"https:\/\/gmz.ckziu1.gda.pl\/wp-content\/uploads\/2025\/09\/HARMONOGRAM-nowy-22.09.2025.pdf\" target=\"_blank\" rel=\"noreferrer noopener\">HARMONOGRAM nowy MIG\/MAG\/TIG 22.09.2025<\/a><\/div>\n\n\n\n<div class=\"wp-block-file\"><a id=\"wp-block-file--media-5e2ffafe-3b09-4b32-a193-7945a50c8644\" href=\"https:\/\/gmz.ckziu1.gda.pl\/wp-content\/uploads\/2025\/07\/HARMONOGRAM-KURS-SPAWANIA.pdf\" target=\"_blank\" rel=\"noreferrer noopener\">!!!HARMONOGRAM KURS SPAWANIA-nieaktualny!!!<\/a><\/div>\n\n\n\n<div class=\"wp-block-file\"><a id=\"wp-block-file--media-d8434d2a-445f-4299-bf3d-2b823a6324d9\" href=\"https:\/\/gmz.ckziu1.gda.pl\/wp-content\/uploads\/2025\/02\/Harmonogram-prawo-jazdy-1.pdf\" target=\"_blank\" rel=\"noreferrer noopener\">!!! <strong>HARMONOGRAM<\/strong> <strong> prawo jazdy<\/strong> &#8211; zako\u0144czony!!!<\/a><\/div>\n\n\n\n<figure class=\"wp-block-image size-full\"><img loading=\"lazy\" decoding=\"async\" width=\"1023\" height=\"708\" src=\"https:\/\/gmz.ckziu1.gda.pl\/wp-content\/uploads\/2024\/08\/image-1.png\" alt=\"Zapraszamy na kursy i szkolenia w ramach II edycji projektu GDA\u0143SK MIASTEM ZAWODOWC\u00d3W. Kursy realizowane przez 4 lata trwania projektu. O rekrutacjach na poszczeg\u00f3lne formy wsparcia informowa\u0107 b\u0119dziemy na Facebooku projektu GMZ, na naszej stronie www oraz na mediach spo\u0142eczno\u015bciowych szk\u00f3\u0142 bior\u0105cych udzia\u0142 w projekcie.\nWi\u0119cej informacji na temat szkole\u0144 w zak\u0142adkach poszczeg\u00f3lnych szk\u00f3\u0142 (menu KURSY)\nOsoba do kontaktu Aleksandra Szatkowska a.szatkowska@ckzu1.edu.gdansk.pl\ntel. 533-126-404\" class=\"wp-image-191\" srcset=\"https:\/\/gmz.ckziu1.gda.pl\/wp-content\/uploads\/2024\/08\/image-1.png 1023w, https:\/\/gmz.ckziu1.gda.pl\/wp-content\/uploads\/2024\/08\/image-1-300x208.png 300w, https:\/\/gmz.ckziu1.gda.pl\/wp-content\/uploads\/2024\/08\/image-1-768x532.png 768w\" sizes=\"auto, (max-width: 1023px) 100vw, 1023px\" \/><\/figure>\n\n\n\n<p>Zapraszamy na kursy i szkolenia w ramach II edycji projektu GDA\u0143SK MIASTEM ZAWODOWC\u00d3W. Kursy realizowane przez 4 lata trwania projektu. O rekrutacjach na poszczeg\u00f3lne formy wsparcia informowa\u0107 b\u0119dziemy na Facebooku projektu GMZ, na naszej stronie www oraz na mediach spo\u0142eczno\u015bciowych szk\u00f3\u0142 bior\u0105cych udzia\u0142 w projekcie.<br>Wi\u0119cej informacji na temat szkole\u0144 w zak\u0142adkach poszczeg\u00f3lnych szk\u00f3\u0142 (menu KURSY)<br>Osoba do kontaktu Aleksandra Szatkowska a.szatkowska@ckzu1.edu.gdansk.pl<br>tel. 533-126-404<\/p>\n","protected":false},"excerpt":{"rendered":"<p>Zapraszamy na kursy i szkolenia w ramach II edycji projektu GDA\u0143SK MIASTEM ZAWODOWC\u00d3W. Kursy realizowane przez 4 lata trwania projektu. O rekrutacjach na poszczeg\u00f3lne formy wsparcia informowa\u0107 b\u0119dziemy na Facebooku projektu GMZ, na naszej stronie www oraz na mediach spo\u0142eczno\u015bciowych szk\u00f3\u0142 bior\u0105cych udzia\u0142 w projekcie.Wi\u0119cej [&hellip;]<\/p>\n","protected":false},"author":1,"featured_media":0,"parent":0,"menu_order":0,"comment_status":"closed","ping_status":"closed","template":"","meta":{"footnotes":""},"class_list":["post-29","page","type-page","status-publish","hentry"],"_links":{"self":[{"href":"https:\/\/gmz.ckziu1.gda.pl\/index.php\/wp-json\/wp\/v2\/pages\/29","targetHints":{"allow":["GET"]}}],"collection":[{"href":"https:\/\/gmz.ckziu1.gda.pl\/index.php\/wp-json\/wp\/v2\/pages"}],"about":[{"href":"https:\/\/gmz.ckziu1.gda.pl\/index.php\/wp-json\/wp\/v2\/types\/page"}],"author":[{"embeddable":true,"href":"https:\/\/gmz.ckziu1.gda.pl\/index.php\/wp-json\/wp\/v2\/users\/1"}],"replies":[{"embeddable":true,"href":"https:\/\/gmz.ckziu1.gda.pl\/index.php\/wp-json\/wp\/v2\/comments?post=29"}],"version-history":[{"count":30,"href":"https:\/\/gmz.ckziu1.gda.pl\/index.php\/wp-json\/wp\/v2\/pages\/29\/revisions"}],"predecessor-version":[{"id":1142,"href":"https:\/\/gmz.ckziu1.gda.pl\/index.php\/wp-json\/wp\/v2\/pages\/29\/revisions\/1142"}],"wp:attachment":[{"href":"https:\/\/gmz.ckziu1.gda.pl\/index.php\/wp-json\/wp\/v2\/media?parent=29"}],"curies":[{"name":"wp","href":"https:\/\/api.w.org\/{rel}","templated":true}]}}