{"id":35,"date":"2024-05-09T15:05:59","date_gmt":"2024-05-09T13:05:59","guid":{"rendered":"https:\/\/cku.home.pl\/projekt\/?page_id=35"},"modified":"2025-04-10T09:04:51","modified_gmt":"2025-04-10T07:04:51","slug":"staze","status":"publish","type":"page","link":"https:\/\/gmz.ckziu1.gda.pl\/index.php\/staze\/","title":{"rendered":"Sta\u017ce"},"content":{"rendered":"\n<figure class=\"wp-block-image alignwide size-large\"><a href=\"https:\/\/forms.office.com\/e\/sqp7f1iCfH \"><img loading=\"lazy\" decoding=\"async\" width=\"1024\" height=\"706\" src=\"https:\/\/gmz.ckziu1.gda.pl\/wp-content\/uploads\/2024\/10\/image-1024x706.png\" alt=\"GDA\u0143SK MIASTEM ZAWODOWC\u00d3W \u2013 ETAP II\nJe\u015bli chcesz wzi\u0105\u0107 udzia\u0142 w p\u0142atnym sta\u017cu w ramach naszego projektu wype\u0142nij poni\u017csze kroki:\n1.\tZrekrutuj si\u0119 do projektu za pomoc\u0105 linka: https:\/\/forms.office.com\/e\/sqp7f1iCfH \n(na maila, kt\u00f3rego poda\u0142e\u015b w formularzu dosta\u0142e\u015b dwa pliki pdf. Wydrukuj je, podpisz \u2013 pami\u0119taj, \u017ce je\u015bli jeste\u015b niepe\u0142noletni r\u00f3wnie\u017c rodzic\/opiekun prawny musi podpisa\u0107 twoje zg\u0142oszenie!!! Zanie\u015b formularze do szko\u0142y i zdob\u0105d\u017a piecz\u0105tk\u0119 szko\u0142y oraz potrzebne podpisy) \n2.\tDostarcz dokumenty do Biura Projektu do CKZiU nr 1 w Gda\u0144sku.\nDopiero po wykonaniu powy\u017cszych czynno\u015bci mo\u017cesz bra\u0107 udzia\u0142 w rekrutacjach na sta\u017ce og\u0142aszanych\nna bie\u017c\u0105co na naszym projektowym Fb.  Uwaga na ka\u017cdy sta\u017c jest osobna rekrutacja! \nLista firm, do kt\u00f3rych mo\u017cesz si\u0119 uda\u0107 na sta\u017c dla ka\u017cdej rekrutacji publikowana jest w odpowiednich zak\u0142adkach, dla ka\u017cdej ze szk\u00f3\u0142 osobno.\n\" class=\"wp-image-459\" srcset=\"https:\/\/gmz.ckziu1.gda.pl\/wp-content\/uploads\/2024\/10\/image-1024x706.png 1024w, https:\/\/gmz.ckziu1.gda.pl\/wp-content\/uploads\/2024\/10\/image-300x207.png 300w, https:\/\/gmz.ckziu1.gda.pl\/wp-content\/uploads\/2024\/10\/image-768x529.png 768w, https:\/\/gmz.ckziu1.gda.pl\/wp-content\/uploads\/2024\/10\/image.png 1074w\" sizes=\"auto, (max-width: 1024px) 100vw, 1024px\" \/><\/a><\/figure>\n\n\n\n<p>GDA\u0143SK MIASTEM ZAWODOWC\u00d3W \u2013 ETAP II<br>Je\u015bli chcesz wzi\u0105\u0107 udzia\u0142 w p\u0142atnym sta\u017cu w ramach naszego projektu wype\u0142nij poni\u017csze kroki:<\/p>\n\n\n\n<ol class=\"wp-block-list\">\n<li>Zrekrutuj si\u0119 do projektu za pomoc\u0105 linka: https:\/\/forms.office.com\/e\/sqp7f1iCfH<br>(na maila, kt\u00f3rego poda\u0142e\u015b w formularzu dosta\u0142e\u015b dwa pliki pdf. Wydrukuj je, podpisz \u2013 pami\u0119taj, \u017ce je\u015bli jeste\u015b niepe\u0142noletni r\u00f3wnie\u017c rodzic\/opiekun prawny musi podpisa\u0107 twoje zg\u0142oszenie!!! Zanie\u015b formularze do szko\u0142y i zdob\u0105d\u017a piecz\u0105tk\u0119 szko\u0142y oraz potrzebne podpisy)<\/li>\n\n\n\n<li>Dostarcz dokumenty do Biura Projektu do CKZiU nr 1 w Gda\u0144sku.<br>Dopiero po wykonaniu powy\u017cszych czynno\u015bci mo\u017cesz bra\u0107 udzia\u0142 w rekrutacjach na sta\u017ce og\u0142aszanych<br>na bie\u017c\u0105co na naszym projektowym Fb. Uwaga na ka\u017cdy sta\u017c jest osobna rekrutacja!<br>Lista firm, do kt\u00f3rych mo\u017cesz si\u0119 uda\u0107 na sta\u017c dla ka\u017cdej rekrutacji publikowana jest w odpowiednich zak\u0142adkach, dla ka\u017cdej ze szk\u00f3\u0142 osobno.<\/li>\n<\/ol>\n","protected":false},"excerpt":{"rendered":"<p>GDA\u0143SK MIASTEM ZAWODOWC\u00d3W \u2013 ETAP IIJe\u015bli chcesz wzi\u0105\u0107 udzia\u0142 w p\u0142atnym sta\u017cu w ramach naszego projektu wype\u0142nij poni\u017csze kroki:<\/p>\n","protected":false},"author":1,"featured_media":0,"parent":0,"menu_order":0,"comment_status":"closed","ping_status":"closed","template":"","meta":{"footnotes":""},"class_list":["post-35","page","type-page","status-publish","hentry"],"_links":{"self":[{"href":"https:\/\/gmz.ckziu1.gda.pl\/index.php\/wp-json\/wp\/v2\/pages\/35","targetHints":{"allow":["GET"]}}],"collection":[{"href":"https:\/\/gmz.ckziu1.gda.pl\/index.php\/wp-json\/wp\/v2\/pages"}],"about":[{"href":"https:\/\/gmz.ckziu1.gda.pl\/index.php\/wp-json\/wp\/v2\/types\/page"}],"author":[{"embeddable":true,"href":"https:\/\/gmz.ckziu1.gda.pl\/index.php\/wp-json\/wp\/v2\/users\/1"}],"replies":[{"embeddable":true,"href":"https:\/\/gmz.ckziu1.gda.pl\/index.php\/wp-json\/wp\/v2\/comments?post=35"}],"version-history":[{"count":7,"href":"https:\/\/gmz.ckziu1.gda.pl\/index.php\/wp-json\/wp\/v2\/pages\/35\/revisions"}],"predecessor-version":[{"id":696,"href":"https:\/\/gmz.ckziu1.gda.pl\/index.php\/wp-json\/wp\/v2\/pages\/35\/revisions\/696"}],"wp:attachment":[{"href":"https:\/\/gmz.ckziu1.gda.pl\/index.php\/wp-json\/wp\/v2\/media?parent=35"}],"curies":[{"name":"wp","href":"https:\/\/api.w.org\/{rel}","templated":true}]}}