{"id":41,"date":"2024-05-09T15:07:06","date_gmt":"2024-05-09T13:07:06","guid":{"rendered":"https:\/\/cku.home.pl\/projekt\/?page_id=41"},"modified":"2026-04-10T13:47:20","modified_gmt":"2026-04-10T11:47:20","slug":"kontakt","status":"publish","type":"page","link":"https:\/\/gmz.ckziu1.gda.pl\/index.php\/kontakt\/","title":{"rendered":"Kontakt"},"content":{"rendered":"<div class=\"wp-block-image\">\n<figure class=\"aligncenter size-full\"><img loading=\"lazy\" decoding=\"async\" width=\"950\" height=\"643\" src=\"https:\/\/gmz.ckziu1.gda.pl\/wp-content\/uploads\/2026\/04\/image.png\" alt=\"\" class=\"wp-image-1126\" srcset=\"https:\/\/gmz.ckziu1.gda.pl\/wp-content\/uploads\/2026\/04\/image.png 950w, https:\/\/gmz.ckziu1.gda.pl\/wp-content\/uploads\/2026\/04\/image-300x203.png 300w, https:\/\/gmz.ckziu1.gda.pl\/wp-content\/uploads\/2026\/04\/image-768x520.png 768w\" sizes=\"auto, (max-width: 950px) 100vw, 950px\" \/><\/figure>\n<\/div>\n\n\n<p>GDA\u0143SKIE <strong>CENTRUM US\u0141UG WSP\u00d3LNYCH<\/strong><\/p>\n\n\n\n<p><strong>adres: al. Gen. J\u00f3zefa Hallera 16\/18<br>80-426 Gda\u0144sk<\/strong><\/p>\n\n\n\n<p><strong>Godziny przyjmowania interesant\u00f3w: pn-pt 7:30 \u2013 15:00<\/strong><\/p>\n\n\n\n<p><strong>\u2022 Paulina Nowak\u2013 Kierownik projektu<\/strong><\/p>\n\n\n\n<p><strong>tel: 506 004 514<\/strong><\/p>\n\n\n\n<p><a href=\"mailto:a.adamczyk@ckzu1.edu.gdansk.pl\">p.nowak@gcuw.edu.gdansk.pl<\/a><\/p>\n\n\n\n<p><strong>\u2022 Aleksandra Szatkowska \u2013 Starszy Specjalista ds. szkole\u0144<\/strong><\/p>\n\n\n\n<p>tel: 533-126-404<\/p>\n\n\n\n<p><a href=\"mailto:a.szatkowska@ckzu1.edu.gdansk.pl\">a.szatkowska@gcuw.edu.gdansk.pl<\/a><\/p>\n\n\n\n<p><strong>\u2022 Margharita Tsitarenta\u00a0\u2013 Starszy Specjalista ds. projekt\u00f3w<\/strong><\/p>\n\n\n\n<p>tel: 530-298-751<\/p>\n\n\n\n<p><a href=\"mailto:m.tsitarenka@ckzu1.edu.gdansk.pl\">m.tsitarenka@gcuw.edu.gdansk.pl<\/a><\/p>\n\n\n\n<p><strong>\u2022 Renata Dankowska\u00a0\u2013 Starszy Specjalista<\/strong><\/p>\n\n\n\n<p><strong>Koordynator doradztwa zawodowego<\/strong><\/p>\n\n\n\n<p>tel: 535-222-675<\/p>\n\n\n\n<p><a href=\"mailto:m.tsitarenka@ckzu1.edu.gdansk.pl\">r.dankowska@gcuw.edu.gdansk.pl<\/a><\/p>\n\n\n\n<p><strong>Specjali\u015bci ds. Sta\u017cy<\/strong><\/p>\n\n\n\n<p><strong>Zesp\u00f3\u0142 Szk\u00f3\u0142 Energetycznych w Gda\u0144sku<\/strong><\/p>\n\n\n\n<p>&nbsp; \u2022 Izabela Szostak<\/p>\n\n\n\n<p>&nbsp;&nbsp;&nbsp; tel: 534-738-809<\/p>\n\n\n\n<p><a href=\"mailto:m.tsitarenka@ckzu1.edu.gdansk.pl\">i.szostak@zse.edu.gdansk.pl<\/a><\/p>\n\n\n\n<p><strong>Zesp\u00f3\u0142 Szk\u00f3\u0142 Morskich w Gda\u0144sku<\/strong><\/p>\n\n\n\n<p>\u2022 Joanna Kozie\u0142&nbsp;<\/p>\n\n\n\n<p>tel: 534-911-097<\/p>\n\n\n\n<p><a href=\"mailto:m.tsitarenka@ckzu1.edu.gdansk.pl\">j.koziel@zsm.edu.gdansk.pl<\/a><\/p>\n\n\n\n<p><strong>&nbsp;&nbsp; Szko\u0142y Okr\u0119towe i Techniczne \u201eConradinum\u201d<\/strong><\/p>\n\n\n\n<p>\u2022 Anna Z\u0142oczewska&nbsp;<\/p>\n\n\n\n<p>tel: 531-331-086<\/p>\n\n\n\n<p><a href=\"mailto:m.tsitarenka@ckzu1.edu.gdansk.pl\">a.zloczewska@conradinum.edu.gdansk.pl<\/a><\/p>\n\n\n\n<p><strong>Zesp\u00f3\u0142 Szk\u00f3\u0142 \u0141\u0105czno\u015bci w Gda\u0144sku<\/strong><strong><\/strong><\/p>\n\n\n\n<p>\u2022 Magdalena Majkowska&nbsp;<\/p>\n\n\n\n<p>tel: 512-121-620<\/p>\n\n\n\n<p><a href=\"mailto:m.tsitarenka@ckzu1.edu.gdansk.pl\">m.majkowska@zsl.gda.pl<\/a><\/p>\n\n\n\n<p><strong>Zesp\u00f3\u0142 Szk\u00f3\u0142 Gastronomiczno-Hotelarskich w Gda\u0144sku<\/strong><strong><\/strong><\/p>\n\n\n\n<p>\u2022 Ewa Laskowska<\/p>\n\n\n\n<p>tel: 531-360-975<\/p>\n\n\n\n<p><a href=\"mailto:m.tsitarenka@ckzu1.edu.gdansk.pl\">e.laskowska@zsgh.edu.gdansk.pl<\/a><\/p>\n","protected":false},"excerpt":{"rendered":"<p>GDA\u0143SKIE CENTRUM US\u0141UG WSP\u00d3LNYCH adres: al. Gen. J\u00f3zefa Hallera 16\/1880-426 Gda\u0144sk Godziny przyjmowania interesant\u00f3w: pn-pt 7:30 \u2013 15:00 \u2022 Paulina Nowak\u2013 Kierownik projektu tel: 506 004 514 p.nowak@gcuw.edu.gdansk.pl \u2022 Aleksandra Szatkowska \u2013 Starszy Specjalista ds. szkole\u0144 tel: 533-126-404 a.szatkowska@gcuw.edu.gdansk.pl \u2022 Margharita Tsitarenta\u00a0\u2013 Starszy Specjalista ds. [&hellip;]<\/p>\n","protected":false},"author":1,"featured_media":0,"parent":0,"menu_order":0,"comment_status":"closed","ping_status":"closed","template":"","meta":{"footnotes":""},"class_list":["post-41","page","type-page","status-publish","hentry"],"_links":{"self":[{"href":"https:\/\/gmz.ckziu1.gda.pl\/index.php\/wp-json\/wp\/v2\/pages\/41","targetHints":{"allow":["GET"]}}],"collection":[{"href":"https:\/\/gmz.ckziu1.gda.pl\/index.php\/wp-json\/wp\/v2\/pages"}],"about":[{"href":"https:\/\/gmz.ckziu1.gda.pl\/index.php\/wp-json\/wp\/v2\/types\/page"}],"author":[{"embeddable":true,"href":"https:\/\/gmz.ckziu1.gda.pl\/index.php\/wp-json\/wp\/v2\/users\/1"}],"replies":[{"embeddable":true,"href":"https:\/\/gmz.ckziu1.gda.pl\/index.php\/wp-json\/wp\/v2\/comments?post=41"}],"version-history":[{"count":22,"href":"https:\/\/gmz.ckziu1.gda.pl\/index.php\/wp-json\/wp\/v2\/pages\/41\/revisions"}],"predecessor-version":[{"id":1128,"href":"https:\/\/gmz.ckziu1.gda.pl\/index.php\/wp-json\/wp\/v2\/pages\/41\/revisions\/1128"}],"wp:attachment":[{"href":"https:\/\/gmz.ckziu1.gda.pl\/index.php\/wp-json\/wp\/v2\/media?parent=41"}],"curies":[{"name":"wp","href":"https:\/\/api.w.org\/{rel}","templated":true}]}}