{"id":570,"date":"2024-12-06T09:48:37","date_gmt":"2024-12-06T08:48:37","guid":{"rendered":"https:\/\/gmz.ckziu1.gda.pl\/?page_id=570"},"modified":"2025-04-23T10:09:53","modified_gmt":"2025-04-23T08:09:53","slug":"deklaracja-dostepnosci","status":"publish","type":"page","link":"https:\/\/gmz.ckziu1.gda.pl\/index.php\/deklaracja-dostepnosci\/","title":{"rendered":"Deklaracja dost\u0119pno\u015bci"},"content":{"rendered":"\n<div data-wp-interactive=\"core\/file\" class=\"wp-block-file\"><object data-wp-bind--hidden=\"!state.hasPdfPreview\" hidden class=\"wp-block-file__embed\" data=\"https:\/\/gmz.ckziu1.gda.pl\/wp-content\/uploads\/2025\/04\/Deklaracja-dostepnosci-strony-www-Gdansk-Miastem-Zawodowcow-1.pdf\" type=\"application\/pdf\" style=\"width:100%;height:600px\" aria-label=\"Osadzone z Deklaracja dost\u0119pno\u015bci strony www Gda\u0144sk Miastem Zawodowc\u00f3w .\"><\/object><a id=\"wp-block-file--media-a273af72-9a2f-41b2-8657-308f4015a243\" href=\"https:\/\/gmz.ckziu1.gda.pl\/wp-content\/uploads\/2025\/04\/Deklaracja-dostepnosci-strony-www-Gdansk-Miastem-Zawodowcow-1.pdf\">Deklaracja dost\u0119pno\u015bci strony www Gda\u0144sk Miastem Zawodowc\u00f3w <\/a><\/div>\n\n\n\n<div class=\"wp-block-file\"><a id=\"wp-block-file--media-7566df7d-b78a-4d76-83af-21ac5c88e9bf\" href=\"https:\/\/gmz.ckziu1.gda.pl\/wp-content\/uploads\/2024\/12\/raport.pdf\" target=\"_blank\" rel=\"noreferrer noopener\">raport<\/a><\/div>\n\n\n\n<p>&nbsp;<strong>Deklaracja dost\u0119pno\u015bci strony www Gda\u0144sk Miastem Zawodowc\u00f3w-Etap II<\/strong><\/p>\n\n\n\n<p>Centrum Kszta\u0142cenia Zawodowego i Ustawicznego nr 1 w Gda\u0144sku zobowi\u0105zuje si\u0119 zapewni\u0107 dost\u0119pno\u015b\u0107 swojej strony internetowej zgodnie z przepisami ustawy z dnia 4 kwietnia 2019 r. o dost\u0119pno\u015bci cyfrowej stron internetowych i aplikacji mobilnych podmiot\u00f3w publicznych. O\u015bwiadczenie w sprawie dost\u0119pno\u015bci ma zastosowanie do strony internetowej www.gmz.ckziu1.gda.pl.<\/p>\n\n\n\n<ul class=\"wp-block-list\">\n<li>Data publikacji strony internetowej: 20.08.2024<\/li>\n\n\n\n<li>Data ostatniej istotnej aktualizacji: 16.09.2024<\/li>\n<\/ul>\n\n\n\n<p><strong>Stan dost\u0119pno\u015bci cyfrowej<\/strong><\/p>\n\n\n\n<p>Ta strona internetowa jest cz\u0119\u015bciowo zgodna z za\u0142\u0105cznikiem do ustawy o dost\u0119pno\u015bci cyfrowej z dnia 4 kwietnia 2019 r. o dost\u0119pno\u015bci cyfrowej stron internetowych i aplikacji mobilnych podmiot\u00f3w publicznych z powodu [niezgodno\u015bci i wy\u0142\u0105cze\u0144] wymienionych poni\u017cej.<\/p>\n\n\n\n<p><strong>Niedost\u0119pne tre\u015bci<\/strong><\/p>\n\n\n\n<p><strong>Niezgodno\u015b\u0107 z za\u0142\u0105cznikiem<\/strong><\/p>\n\n\n\n<p>Wybrane tre\u015bci mog\u0105 by\u0107 niezgodne z wytycznymi dla dost\u0119pno\u015bci tre\u015bci internetowych 2.1, w takim zakresie jak:<\/p>\n\n\n\n<ul class=\"wp-block-list\">\n<li>Postrzegalno\u015b\u0107 (m.in. brak dost\u0119pno\u015bci cz\u0119\u015bci medi\u00f3w zmiennych w czasie, cz\u0119\u015bciowy brak alternatywy w postaci tekstu, brak cz\u0119\u015bci u\u0142atwie\u0144 w percepcji tre\u015bci),<\/li>\n\n\n\n<li>Funkcjonalno\u015b\u0107 (m.in. nie na wszystkich stronach wyst\u0119puje pe\u0142na dost\u0119pno\u015b\u0107 z klawiatury, brak pe\u0142nej dost\u0119pno\u015bci sposob\u00f3w wprowadzania danych),<\/li>\n\n\n\n<li>Przewidywalno\u015b\u0107 (m.in. niepe\u0142na jednolito\u015b\u0107 nawigacji i identyfikacji). Cz\u0119\u015b\u0107 dokument\u00f3w PDF, Word, Excel, PowerPoint nie jest poprawnie odczytywana przez programy dla os\u00f3b niewidz\u0105cych.<\/li>\n<\/ul>\n\n\n\n<p><strong>Tre\u015bci nieobj\u0119te przepisami<\/strong><\/p>\n\n\n\n<ul class=\"wp-block-list\">\n<li>Filmy i multimedia, kt\u00f3re zosta\u0142y opublikowane przed wej\u015bciem w \u017cycie ustawy. Przygotowanie ich pe\u0142nej dost\u0119pno\u015bci wi\u0105za\u0142oby si\u0119 z nadmiernym obci\u0105\u017ceniem dla podmiotu publicznego. Mapy s\u0105 wy\u0142\u0105czone z obowi\u0105zku zapewniania dost\u0119pno\u015bci.<\/li>\n<\/ul>\n\n\n\n<p><strong>Przygotowanie deklaracji dost\u0119pno\u015bci<\/strong><\/p>\n\n\n\n<ul class=\"wp-block-list\">\n<li>Data sporz\u0105dzenia deklaracji: 2020-10-16<\/li>\n\n\n\n<li>Data ostatniego przegl\u0105du deklaracji: 2025-03-27<\/li>\n<\/ul>\n\n\n\n<p>Deklaracj\u0119 sporz\u0105dzili\u015bmy na podstawie samooceny w oparciu o <a href=\"https:\/\/www.gov.pl\/attachment\/1a3e2bb5-6d60-4897-ac2f-07a8e91e70ed\">List\u0119 kontroln\u0105 do badania dost\u0119pno\u015bci cyfrowej strony internetowej v. 2.2 (docx, 0,12MB)<\/a>.<\/p>\n\n\n\n<p><strong>Skr\u00f3ty klawiszowe<\/strong><\/p>\n\n\n\n<p>Na tej stronie internetowej nie jest w pe\u0142ni mo\u017cliwe korzystanie ze standardowych skr\u00f3t\u00f3w klawiaturowych przegl\u0105darki.<\/p>\n\n\n\n<p><strong>Informacje zwrotne i dane kontaktowe<\/strong><\/p>\n\n\n\n<p>Wszystkie problemy z dost\u0119pno\u015bci\u0105 cyfrow\u0105 tej strony internetowej mo\u017cesz zg\u0142osi\u0107 do sekretariatu Centrum Kszta\u0142cenia Zawodowego i Ustawicznego na e-mail sekretariat@ckzu1.edu.gdansk.pl lub telefonicznie <a href=\"tel:48585244500\">+48 58 301 42 <\/a>08.<\/p>\n\n\n\n<p>Ka\u017cdy ma prawo wyst\u0105pi\u0107 z \u017c\u0105daniem zapewnienia dost\u0119pno\u015bci cyfrowej tej strony internetowej lub jej element\u00f3w.<\/p>\n\n\n\n<p>Zg\u0142aszaj\u0105c takie \u017c\u0105danie podaj:<\/p>\n\n\n\n<ul class=\"wp-block-list\">\n<li>swoje imi\u0119 i nazwisko,<\/li>\n\n\n\n<li>swoje dane kontaktowe (np. numer telefonu, e-mail),<\/li>\n\n\n\n<li>dok\u0142adny adres strony internetowej, na kt\u00f3rej jest niedost\u0119pny cyfrowo element lub tre\u015b\u0107,<\/li>\n\n\n\n<li>opis na czym polega problem i jaki spos\u00f3b jego rozwi\u0105zania by\u0142by dla Ciebie najwygodniejszy.<\/li>\n<\/ul>\n\n\n\n<p>Na Twoje zg\u0142oszenie odpowiemy najszybciej jak to mo\u017cliwe, nie p\u00f3\u017aniej ni\u017c w ci\u0105gu 7 dni od jego otrzymania.<\/p>\n\n\n\n<p>Je\u017celi ten termin b\u0119dzie dla nas zbyt kr\u00f3tki poinformujemy Ci\u0119 o tym. W tej informacji podamy nowy termin, do kt\u00f3rego poprawimy zg\u0142oszone przez Ciebie b\u0142\u0119dy lub przygotujemy informacje w alternatywny spos\u00f3b. Ten nowy termin nie b\u0119dzie d\u0142u\u017cszy ni\u017c 2 miesi\u0105ce.<\/p>\n\n\n\n<p>Je\u017celi nie b\u0119dziemy w stanie zapewni\u0107 dost\u0119pno\u015bci cyfrowej strony internetowej lub tre\u015bci, wskazanej w Twoim \u017c\u0105daniu, zaproponujemy Ci dost\u0119p do nich w alternatywny spos\u00f3b.<\/p>\n\n\n\n<p><strong>Obs\u0142uga wniosk\u00f3w i skarg zwi\u0105zanych z dost\u0119pno\u015bci\u0105<\/strong><\/p>\n\n\n\n<p>Je\u017celi w odpowiedzi na Tw\u00f3j wniosek o zapewnienie dost\u0119pno\u015bci cyfrowej, odm\u00f3wimy zapewnienia \u017c\u0105danej przez Ciebie dost\u0119pno\u015bci cyfrowej, a Ty nie zgadzasz si\u0119 z t\u0105 odmow\u0105, masz prawo z\u0142o\u017cy\u0107 skarg\u0119.<\/p>\n\n\n\n<p>Skarg\u0119 masz prawo z\u0142o\u017cy\u0107 tak\u017ce, je\u015bli nie zgadzasz si\u0119 na skorzystanie z alternatywnego sposobu dost\u0119pu, kt\u00f3ry zaproponowali\u015bmy Ci w odpowiedzi na Tw\u00f3j wniosek o zapewnienie dost\u0119pno\u015bci cyfrowej.<\/p>\n\n\n\n<p>Ewentualn\u0105 skarg\u0119 z\u0142\u00f3\u017c listownie lub mailem do kierownictwa naszego urz\u0119du:<\/p>\n\n\n\n<ul class=\"wp-block-list\">\n<li>Prezydent Miasta Gda\u0144ska<\/li>\n\n\n\n<li>Adres: ul. Nowe Ogrody 8\/12, 80-803 Gda\u0144sk<\/li>\n\n\n\n<li>e-mail: <a href=\"mailto:umg@gdansk.gda.pl\">umg@gdansk.gda.pl<\/a><\/li>\n\n\n\n<li>telefon: <a href=\"tel:48585244500\">+48 58 52 44 500<\/a><\/li>\n<\/ul>\n\n\n\n<p><a href=\"https:\/\/www.gov.pl\/web\/gov\/zloz-wniosek-o-zapewnienie-dostepnosci-cyfrowej-strony-internetowej-lub-aplikacji-mobilnej\">Pomocne mog\u0105 by\u0107 informacje, kt\u00f3re mo\u017cna znale\u017a\u0107 na rz\u0105dowym portalu gov.pl<\/a>.<\/p>\n\n\n\n<p>Skarg\u0119 mo\u017cna z\u0142o\u017cy\u0107 r\u00f3wnie\u017c do Rzecznika Praw Obywatelskich.<\/p>\n\n\n\n<p><strong>Dost\u0119pno\u015b\u0107 architektoniczna<\/strong><\/p>\n\n\n\n<p><strong>Budynek przy al. Gen. Hallera 16\/18 <em>Dojazd: <\/em><\/strong>Do siedziby CKZiU Nr 1 mo\u017cna dojecha\u0107 liniami tramwajowymi nr 2, 3, 4, 5, 8, przystanek w odleg\u0142o\u015bci ok. 100 m od wej\u015bcia do budynku.<\/p>\n\n\n\n<p><strong><em>Opis budynku: <\/em><\/strong>Przed budynkiem bezp\u0142atne miejsca parkingowe. Z ty\u0142u budynku ok. 180 miejsc parkingowych bezp\u0142atnych. Wej\u015bcie do budynku od strony Al. Gen. J. Hallera: &#8211; wej\u015bcie g\u0142\u00f3wne (dostosowane dla os\u00f3b niepe\u0142nosprawnych) &#8211; wej\u015bcie nr 8 od strony parkingu wewn\u0119trznego (niedostosowane dla os\u00f3b niepe\u0142nosprawnych) &#8211; wej\u015bcie B g\u0142\u00f3wnie dla uczni\u00f3w i s\u0142uchaczy (niedostosowane dla os\u00f3b niepe\u0142nosprawnych) Wewn\u0105trz budynku winda dowo\u017c\u0105ca na wszystkie kondygnacje.<\/p>\n\n\n\n<p><strong>Informacje dodatkowe U\u0142atwienia<\/strong><\/p>\n\n\n\n<p>Pomocy w kontakcie udziela Gda\u0144skie Centrum Kontaktu dost\u0119pny w godzinach urz\u0119dowania pod numerem telefonu 58 52 44 500 oraz adresem e-mail kontakt@gdansk.gda.pl Kontakt z Centrum mo\u017cliwy jest tak\u017ce za pomoc\u0105 sms na numer 500 105 115.<\/p>\n\n\n\n<p><strong>Inne informacje i o\u015bwiadczenia<\/strong><\/p>\n\n\n\n<p>Raport o stanie zapewniania dost\u0119pno\u015bci podmiotu publicznego ..<a href=\"https:\/\/gmz.ckziu1.gda.pl\/wp-content\/uploads\/2024\/12\/raport.pdf\">raport.pdf<\/a><\/p>\n","protected":false},"excerpt":{"rendered":"<p>&nbsp;Deklaracja dost\u0119pno\u015bci strony www Gda\u0144sk Miastem Zawodowc\u00f3w-Etap II Centrum Kszta\u0142cenia Zawodowego i Ustawicznego nr 1 w Gda\u0144sku zobowi\u0105zuje si\u0119 zapewni\u0107 dost\u0119pno\u015b\u0107 swojej strony internetowej zgodnie z przepisami ustawy z dnia 4 kwietnia 2019 r. o dost\u0119pno\u015bci cyfrowej stron internetowych i aplikacji mobilnych podmiot\u00f3w publicznych. O\u015bwiadczenie [&hellip;]<\/p>\n","protected":false},"author":1,"featured_media":0,"parent":0,"menu_order":0,"comment_status":"closed","ping_status":"closed","template":"","meta":{"footnotes":""},"class_list":["post-570","page","type-page","status-publish","hentry"],"_links":{"self":[{"href":"https:\/\/gmz.ckziu1.gda.pl\/index.php\/wp-json\/wp\/v2\/pages\/570","targetHints":{"allow":["GET"]}}],"collection":[{"href":"https:\/\/gmz.ckziu1.gda.pl\/index.php\/wp-json\/wp\/v2\/pages"}],"about":[{"href":"https:\/\/gmz.ckziu1.gda.pl\/index.php\/wp-json\/wp\/v2\/types\/page"}],"author":[{"embeddable":true,"href":"https:\/\/gmz.ckziu1.gda.pl\/index.php\/wp-json\/wp\/v2\/users\/1"}],"replies":[{"embeddable":true,"href":"https:\/\/gmz.ckziu1.gda.pl\/index.php\/wp-json\/wp\/v2\/comments?post=570"}],"version-history":[{"count":8,"href":"https:\/\/gmz.ckziu1.gda.pl\/index.php\/wp-json\/wp\/v2\/pages\/570\/revisions"}],"predecessor-version":[{"id":766,"href":"https:\/\/gmz.ckziu1.gda.pl\/index.php\/wp-json\/wp\/v2\/pages\/570\/revisions\/766"}],"wp:attachment":[{"href":"https:\/\/gmz.ckziu1.gda.pl\/index.php\/wp-json\/wp\/v2\/media?parent=570"}],"curies":[{"name":"wp","href":"https:\/\/api.w.org\/{rel}","templated":true}]}}