{"id":780,"date":"2025-07-22T08:14:43","date_gmt":"2025-07-22T06:14:43","guid":{"rendered":"https:\/\/gmz.ckziu1.gda.pl\/?page_id=780"},"modified":"2025-07-22T09:11:56","modified_gmt":"2025-07-22T07:11:56","slug":"archiwum","status":"publish","type":"page","link":"https:\/\/gmz.ckziu1.gda.pl\/index.php\/archiwum\/","title":{"rendered":"ARCHIWUM"},"content":{"rendered":"\n<div class=\"wp-block-file\"><a id=\"wp-block-file--media-ba5f3217-514a-457b-8c60-0a7c4a8adc7b\" href=\"https:\/\/gmz.ckziu1.gda.pl\/wp-content\/uploads\/2025\/07\/regulamin-22.05.2025.pdf\">Regulamin projektu od 22.05.2025<\/a><\/div>\n\n\n\n<div class=\"wp-block-file\"><a id=\"wp-block-file--media-438cc8bc-5490-49a8-b680-4a987eda5316\" href=\"https:\/\/gmz.ckziu1.gda.pl\/wp-content\/uploads\/2025\/07\/Formularz-rekrutacyjny-uczen.pdf\">Za\u0142\u0105cznik nr 1 &#8211; Formularz rekrutacyjny-ucze\u0144<\/a><\/div>\n\n\n\n<div class=\"wp-block-file\"><a id=\"wp-block-file--media-96569ae1-4595-4091-b060-8a80a3e35c4a\" href=\"https:\/\/gmz.ckziu1.gda.pl\/wp-content\/uploads\/2025\/07\/Formularz-rekrutacyjny-kadra.pdf\">Za\u0142\u0105cznik nr 1 &#8211; Formularz rekrutacyjny &#8211; kadra<\/a><\/div>\n\n\n\n<div class=\"wp-block-file\"><a id=\"wp-block-file--media-6362d6fd-d343-4b42-8c5b-c4ff2b54409b\" href=\"https:\/\/gmz.ckziu1.gda.pl\/wp-content\/uploads\/2025\/07\/Deklaracja-uczen.pdf\">Za\u0142\u0105cznik nr 2 &#8211; Deklaracja ucze\u0144<\/a><\/div>\n\n\n\n<div class=\"wp-block-file\"><a id=\"wp-block-file--media-c9e62610-cf12-4d61-b1ef-b9adc30594ac\" href=\"https:\/\/gmz.ckziu1.gda.pl\/wp-content\/uploads\/2025\/07\/Deklaracja-kadra.pdf\">Za\u0142\u0105cznik nr 2 &#8211; Deklaracja kadra<\/a><\/div>\n\n\n\n<div class=\"wp-block-file\"><a id=\"wp-block-file--media-b518440d-0179-4767-a9b1-05871d660e39\" href=\"https:\/\/gmz.ckziu1.gda.pl\/wp-content\/uploads\/2025\/07\/Oswiadczenie-uczestnika-.pdf\">Za\u0142\u0105cznik nr 3 &#8211; O\u015bwiadczenie uczestnika<\/a><\/div>\n\n\n\n<div class=\"wp-block-file\"><a id=\"wp-block-file--media-3ad80701-07bb-4b87-b7af-db153533ec2f\" href=\"https:\/\/gmz.ckziu1.gda.pl\/wp-content\/uploads\/2025\/07\/Zgoda-na-wykorzystanie-wizerunku.pdf\">Za\u0142\u0105cznik nr 4 &#8211; Zgoda na wykorzystanie wizerunku<\/a><\/div>\n\n\n\n<div class=\"wp-block-file\"><a id=\"wp-block-file--media-39a6f21f-dead-4d4d-8ff5-798ed9fb7e93\" href=\"https:\/\/gmz.ckziu1.gda.pl\/wp-content\/uploads\/2025\/07\/Wniosek-o-udzial-w-stazu.pdf\">Za\u0142\u0105cznik nr 5 &#8211; Wniosek o udzia\u0142 w sta\u017cu<\/a><\/div>\n\n\n\n<div class=\"wp-block-file\"><a id=\"wp-block-file--media-2877f48e-a26e-45a2-ac66-a030f987ac86\" href=\"https:\/\/gmz.ckziu1.gda.pl\/wp-content\/uploads\/2025\/07\/Zalacznik-nr-6-umowa-stazowa.pdf\">Za\u0142\u0105cznik nr 6 &#8211; Umowa sta\u017cowa<\/a><\/div>\n\n\n\n<div class=\"wp-block-file\"><a id=\"wp-block-file--media-a527785d-f11d-407e-97c2-c8c48b65267f\" href=\"https:\/\/gmz.ckziu1.gda.pl\/wp-content\/uploads\/2025\/07\/zalacznik-1-program-stazu.pdf\">Za\u0142\u0105cznik nr 1 do Umowy sta\u017cowej &#8211; program sta\u017cu<\/a><\/div>\n\n\n\n<div class=\"wp-block-file\"><a id=\"wp-block-file--media-d789cdb3-71a8-4a70-ae50-8beb775ab6bb\" href=\"https:\/\/gmz.ckziu1.gda.pl\/wp-content\/uploads\/2025\/07\/zalacznik-3-Oswidczenie-opiekuna-stazysty-1.pdf\">Za\u0142\u0105cznik nr 2 do Umowy sta\u017cowej -o\u015bwiadczenie opiekuna sta\u017cysty<\/a><\/div>\n\n\n\n<div class=\"wp-block-file\"><a id=\"wp-block-file--media-87bc8112-1b54-40af-ae16-9449247b4c4a\" href=\"https:\/\/gmz.ckziu1.gda.pl\/wp-content\/uploads\/2025\/07\/Zalacznik-nr-7-KARTA-PODMIOTU-PRZYJMUJACEGO-NA-STAZ.pdf\">Za\u0142\u0105cznik nr 7 &#8211; Karta Podmiotu Przyjmuj\u0105cego na Sta\u017c<\/a><\/div>\n\n\n\n<div class=\"wp-block-file\"><a id=\"wp-block-file--media-3e6a2944-0792-4078-87c5-8d12fd940557\" href=\"https:\/\/gmz.ckziu1.gda.pl\/wp-content\/uploads\/2025\/07\/zalacznik-8-lista-obecnosci-staz.pdf\">Za\u0142\u0105cznik nr 8 -Lista obecno\u015bci<\/a><\/div>\n\n\n\n<div class=\"wp-block-file\"><a id=\"wp-block-file--media-45ac3215-b863-4d91-9917-6518a3b9f978\" href=\"https:\/\/gmz.ckziu1.gda.pl\/wp-content\/uploads\/2025\/07\/zalacznik-9-wniosek-o-wyplate-.pdf\">Za\u0142\u0105cznik nr 9 &#8211; Wniosek o wyp\u0142at\u0119<\/a><\/div>\n\n\n\n<div class=\"wp-block-file\"><a id=\"wp-block-file--media-7e806674-62d2-4290-af1b-405d057cd4e8\" href=\"https:\/\/gmz.ckziu1.gda.pl\/wp-content\/uploads\/2025\/07\/zalacznik-10-wniosek-o-refundacje.pdf\">Za\u0142\u0105cznik nr 10 &#8211; Wniosek o refundacj\u0119 Podmiotu przyjmuj\u0105cego na sta\u017c<\/a><\/div>\n\n\n\n<div class=\"wp-block-file\"><a id=\"wp-block-file--media-c66afab9-37d3-4bb3-9550-1abc56a40477\" href=\"https:\/\/gmz.ckziu1.gda.pl\/wp-content\/uploads\/2025\/07\/zalacznik-11-zaswiadczenie-staz-.pdf\">Za\u0142\u0105cznik nr 11 &#8211; Za\u015bwiadczenie o odbyciu sta\u017cu uczniowskiego<\/a><\/div>\n\n\n\n<div class=\"wp-block-file\"><a id=\"wp-block-file--media-da745204-6863-4aa0-b4f1-4b75921379eb\" href=\"https:\/\/gmz.ckziu1.gda.pl\/wp-content\/uploads\/2025\/07\/Oswidczenie_na_koniec_projektu.pdf\">O\u015bwiadczenie na koniec projektu<\/a><\/div>\n\n\n\n<div class=\"wp-block-file\"><a id=\"wp-block-file--media-0452ff69-d1f7-4331-978e-8fe5f4cf4d31\" href=\"https:\/\/gmz.ckziu1.gda.pl\/wp-content\/uploads\/2025\/07\/Oswiadczenie-firmy-szkoleniowej-do-wniosku-o-kurs.docx\">O\u015bwiadczenie firmy szkoleniowej do wniosku o kurs<\/a><\/div>\n\n\n\n<div class=\"wp-block-file\"><a id=\"wp-block-file--media-e39983e0-9de8-43c3-b321-36e677a5c1d0\" href=\"https:\/\/gmz.ckziu1.gda.pl\/wp-content\/uploads\/2025\/07\/Wniosek-o-kurs_studia-nauczyciel.docx\">Wniosek o kurs\/ studia &#8211; nauczyciel<\/a><\/div>\n\n\n\n<p><\/p>\n","protected":false},"excerpt":{"rendered":"","protected":false},"author":3,"featured_media":0,"parent":0,"menu_order":0,"comment_status":"closed","ping_status":"closed","template":"","meta":{"footnotes":""},"class_list":["post-780","page","type-page","status-publish","hentry"],"_links":{"self":[{"href":"https:\/\/gmz.ckziu1.gda.pl\/index.php\/wp-json\/wp\/v2\/pages\/780","targetHints":{"allow":["GET"]}}],"collection":[{"href":"https:\/\/gmz.ckziu1.gda.pl\/index.php\/wp-json\/wp\/v2\/pages"}],"about":[{"href":"https:\/\/gmz.ckziu1.gda.pl\/index.php\/wp-json\/wp\/v2\/types\/page"}],"author":[{"embeddable":true,"href":"https:\/\/gmz.ckziu1.gda.pl\/index.php\/wp-json\/wp\/v2\/users\/3"}],"replies":[{"embeddable":true,"href":"https:\/\/gmz.ckziu1.gda.pl\/index.php\/wp-json\/wp\/v2\/comments?post=780"}],"version-history":[{"count":4,"href":"https:\/\/gmz.ckziu1.gda.pl\/index.php\/wp-json\/wp\/v2\/pages\/780\/revisions"}],"predecessor-version":[{"id":815,"href":"https:\/\/gmz.ckziu1.gda.pl\/index.php\/wp-json\/wp\/v2\/pages\/780\/revisions\/815"}],"wp:attachment":[{"href":"https:\/\/gmz.ckziu1.gda.pl\/index.php\/wp-json\/wp\/v2\/media?parent=780"}],"curies":[{"name":"wp","href":"https:\/\/api.w.org\/{rel}","templated":true}]}}