{"id":784,"date":"2025-07-22T08:17:27","date_gmt":"2025-07-22T06:17:27","guid":{"rendered":"https:\/\/gmz.ckziu1.gda.pl\/?page_id=784"},"modified":"2026-04-16T11:20:51","modified_gmt":"2026-04-16T09:20:51","slug":"dokumenty-aktualne","status":"publish","type":"page","link":"https:\/\/gmz.ckziu1.gda.pl\/index.php\/dokumenty-aktualne\/","title":{"rendered":"DOKUMENTY AKTUALNE"},"content":{"rendered":"\n<p id=\"block-e95b6b7c-7957-4afa-b6f9-f889904ec7f6\"><\/p>\n\n\n\n<div class=\"wp-block-file\"><a id=\"wp-block-file--media-36896493-7ee9-4ffb-ba64-8faef07561a1\" href=\"https:\/\/gmz.ckziu1.gda.pl\/wp-content\/uploads\/2025\/07\/Regulamin-projektu-od-01.07.2025.pdf\">Regulamin projektu od 01.07.2025<\/a><\/div>\n\n\n\n<div class=\"wp-block-file\"><a id=\"wp-block-file--media-120cc9db-5265-4212-a4f8-563bee7a030b\" href=\"https:\/\/gmz.ckziu1.gda.pl\/wp-content\/uploads\/2025\/07\/Zalacznik-nr-1-Formularz-rekrutacyjny-uczen.pdf\">Za\u0142acznik nr 1 &#8211; Formularz rekrutacyjny &#8211; ucze\u0144<\/a><\/div>\n\n\n\n<div class=\"wp-block-file\"><a id=\"wp-block-file--media-c19ac960-b4c5-4e51-8f9a-9de67e67b8ef\" href=\"https:\/\/gmz.ckziu1.gda.pl\/wp-content\/uploads\/2025\/07\/Zalacznik-nr-1-Formularz-rekrutacyjny-kadra.pdf\">Za\u0142\u0105cznik nr 1 &#8211; Formularz rekrutacyjny &#8211; kadra<\/a><\/div>\n\n\n\n<div class=\"wp-block-file\"><a id=\"wp-block-file--media-f39daf7f-f910-4400-b84c-084ac4dd4bc8\" href=\"https:\/\/gmz.ckziu1.gda.pl\/wp-content\/uploads\/2025\/07\/Zalacznik-nr-2-Deklaracja-uczen.pdf\">Za\u0142\u0105cznik nr 2 &#8211; Deklaracja ucze\u0144<\/a><\/div>\n\n\n\n<div class=\"wp-block-file\"><a id=\"wp-block-file--media-11758c7f-aa9b-4b6b-bcbe-d42052843e55\" href=\"https:\/\/gmz.ckziu1.gda.pl\/wp-content\/uploads\/2025\/07\/Zalacznik-nr-2-Deklaracja-kadra.pdf\">Za\u0142\u0105cznik nr 2 -Deklaracja kadra<\/a><\/div>\n\n\n\n<div class=\"wp-block-file\"><a id=\"wp-block-file--media-a6500bbb-de86-48a9-ac69-c30b63a399b4\" href=\"https:\/\/gmz.ckziu1.gda.pl\/wp-content\/uploads\/2025\/07\/Zalacznik-nr-3-Oswiadczenie-uczestnika.pdf\">Za\u0142\u0105cznik nr 3 &#8211; O\u015bwiadczenie uczestnika<\/a><\/div>\n\n\n\n<div class=\"wp-block-file\"><a id=\"wp-block-file--media-d1b46039-ccc2-45b2-a79a-d537a07f2632\" href=\"https:\/\/gmz.ckziu1.gda.pl\/wp-content\/uploads\/2025\/07\/Zalacznik-nr-4-Zgoda-nawykorzystanie-wizerunku.pdf\">Za\u0142\u0105cznik nr 4 &#8211; Zgoda nawykorzystanie wizerunku<\/a><\/div>\n\n\n\n<div class=\"wp-block-file\"><a id=\"wp-block-file--media-5def496f-b9a0-40e4-992b-23e4c68efdde\" href=\"https:\/\/gmz.ckziu1.gda.pl\/wp-content\/uploads\/2025\/07\/1-Zalacznik-nr-5-wniosek-o-udzial-w-stazu_01.07.2025.pdf\">Za\u0142\u0105cznik nr 5 &#8211; Wniosek o udzia\u0142 w sta\u017cu<\/a><\/div>\n\n\n\n<div class=\"wp-block-file\"><a id=\"wp-block-file--media-dbfd350d-1879-48d8-8bcf-bf7f3b47a9d5\" href=\"https:\/\/gmz.ckziu1.gda.pl\/wp-content\/uploads\/2026\/04\/Zalacznik-nr-6-Umowa-stazowa.pdf\">Za\u0142acznik nr 6 &#8211; Umowa sta\u017cowa<\/a><\/div>\n\n\n\n<div class=\"wp-block-file\"><a id=\"wp-block-file--media-18c07d6d-e1c7-41b9-a0b3-5c3fcf557eab\" href=\"https:\/\/gmz.ckziu1.gda.pl\/wp-content\/uploads\/2025\/07\/4-Zalacznik-nr-1-do-Umowy-stazowej-program-stazu.pdf\">Za\u0142\u0105cznik nr 1 do Umowy sta\u017cowej &#8211; program sta\u017cu<\/a><\/div>\n\n\n\n<div class=\"wp-block-file\"><a id=\"wp-block-file--media-33aa9603-6991-4ec3-879b-9ff2067cda76\" href=\"https:\/\/gmz.ckziu1.gda.pl\/wp-content\/uploads\/2025\/07\/3-Zalacznik-nr-2-do-Umowy-stazowej-oswiadczenie-opiekuna-stazysty.pdf\">Za\u0142\u0105cznik nr 2 do Umowy sta\u017cowej &#8211; o\u015bwiadczenie opiekuna sta\u017cysty<\/a><\/div>\n\n\n\n<div class=\"wp-block-file\"><a id=\"wp-block-file--media-f7b6230e-adc4-4839-a5aa-30e0fdd3dcf0\" href=\"https:\/\/gmz.ckziu1.gda.pl\/wp-content\/uploads\/2025\/07\/5-Zalacznik-nr-7-Karta-podmiotu-przyjmujacego-na-staz.pdf\">Za\u0142\u0105cznik nr 7 &#8211; Karta podmiotu przyjmuj\u0105cego na sta\u017c<\/a><\/div>\n\n\n\n<div class=\"wp-block-file\"><a id=\"wp-block-file--media-a8109beb-c31b-4d9b-aa56-9af68f23519f\" href=\"https:\/\/gmz.ckziu1.gda.pl\/wp-content\/uploads\/2025\/07\/6-Zalacznik-nr-8-do-Umowy-stazowej-lista-obecnosci.pdf\">Za\u0142\u0105cznik nr 8 &#8211;  Lista obecno\u015bci<\/a><\/div>\n\n\n\n<div class=\"wp-block-file\"><a id=\"wp-block-file--media-d733cf12-62bd-484c-abcb-a2fa9fa4187a\" href=\"https:\/\/gmz.ckziu1.gda.pl\/wp-content\/uploads\/2025\/07\/7-Zalacznik-nr-9-Wniosek-o-wyplate.pdf\">Za\u0142\u0105cznik nr 9 &#8211; Wniosek o wyp\u0142at\u0119<\/a><\/div>\n\n\n\n<div class=\"wp-block-file\"><a id=\"wp-block-file--media-75b5f88a-f62f-4929-a88e-a55157aad6c8\" href=\"https:\/\/gmz.ckziu1.gda.pl\/wp-content\/uploads\/2025\/07\/8-Zalacznik-nr-10-Wniosek-o-refundacje-Podmiotu-przyjmujacego-na-staz.pdf\">Za\u0142\u0105cznik nr 10 &#8211; Wniosek o refundacj\u0119 Podmiotu przyjmuj\u0105cego na sta\u017c<\/a><\/div>\n\n\n\n<div class=\"wp-block-file\"><a id=\"wp-block-file--media-3fd5717e-2978-4d19-9db5-388c3e4b1581\" href=\"https:\/\/gmz.ckziu1.gda.pl\/wp-content\/uploads\/2025\/07\/9-Zalacznik-nr-11-Zaswiadczenie-o-odbyciu-stazu-uczniowskiego.pdf\">Za\u0142\u0105cznik nr 11 &#8211; Za\u015bwiadczenie o odbyciu sta\u017cu uczniowskiego<\/a><\/div>\n\n\n\n<div class=\"wp-block-file\"><a id=\"wp-block-file--media-e3e35048-6849-4c2a-a2f8-85d6ff802714\" href=\"https:\/\/gmz.ckziu1.gda.pl\/wp-content\/uploads\/2025\/07\/10-Oswiadczenie-na-koniec-projektu.pdf\">O\u015bwiadczenie na koniec projektu<\/a><\/div>\n\n\n\n<div class=\"wp-block-file\"><a id=\"wp-block-file--media-6d751258-f61d-4998-9588-d3f5a34dfd5c\" href=\"https:\/\/gmz.ckziu1.gda.pl\/wp-content\/uploads\/2025\/07\/Oswiadczenie-firmy-szkoleniowej-do-wniosku-o-kurs.pdf\">O\u015bwiadczenie firmy szkoleniowej do wniosku o kurs<\/a><\/div>\n\n\n\n<div class=\"wp-block-file\"><a id=\"wp-block-file--media-e27ddef3-6c11-47af-a191-1c7e170230fa\" href=\"https:\/\/gmz.ckziu1.gda.pl\/wp-content\/uploads\/2025\/07\/Wniosek-o-kurs_studia-nauczyciel.pdf\">Wniosek o kurs\/ studia &#8211; nauczyciel<\/a><\/div>\n\n\n\n<p><\/p>\n\n\n\n<div class=\"wp-block-file\"><a id=\"wp-block-file--media-b8339fac-9223-4431-9882-a4552a63e876\" href=\"https:\/\/gmz.ckziu1.gda.pl\/wp-content\/uploads\/2026\/03\/Wniosek-o-refundacje-nauczyciele-rozliczenie-3.pdf\">Wniosek o refundacj\u0119 nauczyciele &#8211; rozliczenie<\/a><\/div>\n\n\n\n<p><\/p>\n","protected":false},"excerpt":{"rendered":"","protected":false},"author":1,"featured_media":0,"parent":0,"menu_order":0,"comment_status":"closed","ping_status":"closed","template":"","meta":{"footnotes":""},"class_list":["post-784","page","type-page","status-publish","hentry"],"_links":{"self":[{"href":"https:\/\/gmz.ckziu1.gda.pl\/index.php\/wp-json\/wp\/v2\/pages\/784","targetHints":{"allow":["GET"]}}],"collection":[{"href":"https:\/\/gmz.ckziu1.gda.pl\/index.php\/wp-json\/wp\/v2\/pages"}],"about":[{"href":"https:\/\/gmz.ckziu1.gda.pl\/index.php\/wp-json\/wp\/v2\/types\/page"}],"author":[{"embeddable":true,"href":"https:\/\/gmz.ckziu1.gda.pl\/index.php\/wp-json\/wp\/v2\/users\/1"}],"replies":[{"embeddable":true,"href":"https:\/\/gmz.ckziu1.gda.pl\/index.php\/wp-json\/wp\/v2\/comments?post=784"}],"version-history":[{"count":11,"href":"https:\/\/gmz.ckziu1.gda.pl\/index.php\/wp-json\/wp\/v2\/pages\/784\/revisions"}],"predecessor-version":[{"id":1136,"href":"https:\/\/gmz.ckziu1.gda.pl\/index.php\/wp-json\/wp\/v2\/pages\/784\/revisions\/1136"}],"wp:attachment":[{"href":"https:\/\/gmz.ckziu1.gda.pl\/index.php\/wp-json\/wp\/v2\/media?parent=784"}],"curies":[{"name":"wp","href":"https:\/\/api.w.org\/{rel}","templated":true}]}}