{"id":9,"date":"2024-05-09T13:57:49","date_gmt":"2024-05-09T11:57:49","guid":{"rendered":"https:\/\/cku.home.pl\/projekt\/?page_id=9"},"modified":"2025-08-08T13:21:18","modified_gmt":"2025-08-08T11:21:18","slug":"informacje-o-projekcie","status":"publish","type":"page","link":"https:\/\/gmz.ckziu1.gda.pl\/index.php\/informacje-o-projekcie\/","title":{"rendered":"Informacje o projekcie"},"content":{"rendered":"\n\n\n<p><strong>Informacja o zmianie administratora danych osobowych<\/strong><\/p>\n\n\n\n<p>Szanowni Pa\u0144stwo,<\/p>\n\n\n\n<p>Uprzejmie informujemy, \u017ce w zwi\u0105zku ze zmianami organizacyjnymi zadania, dotychczasowego administratora danych osobowych \u2013&nbsp;<strong>Centrum Kszta\u0142cenia Zawodowego i Ustawicznego nr 1 w Gda\u0144sku<\/strong>, z siedzib\u0105 przy al. Gen. Hallera 16\/18, 80-426 Gda\u0144sk, w zakresie wykonywania realizacji projekt\u00f3w i administrowania danymi uczestnik\u00f3w, zosta\u0142y przej\u0119te przez&nbsp;<strong>Gda\u0144skie Centrum Us\u0142ug Wsp\u00f3lnych,&nbsp;<\/strong>z siedzib\u0105 przy al. Gen. Hallera 16\/18, 80-426 Gda\u0144sk.<\/p>\n\n\n\n<p>Od dnia 1 lipca 2025 r.&nbsp;<strong>administratorem Pa\u0144stwa danych osobowych<\/strong>&nbsp;przetwarzanych w zwi\u0105zku z realizacj\u0105 projekt\u00f3w jest:<\/p>\n\n\n\n<p><strong>Gda\u0144skie Centrum Us\u0142ug Wsp\u00f3lnych<\/strong><br>al. Gen. Hallera 16\/18,<br>80-426 Gda\u0144sk<br>e-mail:&nbsp;<a href=\"javascript:void(location.href='mailto:'+String.fromCharCode(103,99,117,119,64,103,99,117,119,46,101,100,117,46,103,100,97,110,115,107,46,112,108))\"><strong>gcuw@gcuw.edu.gdansk.pl<\/strong><\/a><\/p>\n\n\n\n<p>Dane s\u0105 nadal przetwarzane zgodnie z obowi\u0105zuj\u0105cymi przepisami prawa, w tym RODO, wy\u0142\u0105cznie w celu realizacji zada\u0144 projektowych, zgodnie z wcze\u015bniej przekazan\u0105 klauzul\u0105 informacyjn\u0105.<\/p>\n\n\n\n<p>W przypadku pyta\u0144 dotycz\u0105cych ochrony danych osobowych mog\u0105 si\u0119 Pa\u0144stwo kontaktowa\u0107 z Inspektorem Ochrony Danych pod adresem:&nbsp;<a href=\"javascript:void(location.href='mailto:'+String.fromCharCode(105,111,100,111,64,103,99,117,119,46,101,100,117,46,103,100,97,110,115,107,46,112,108))\">iodo@gcuw.edu.gdansk.pl<\/a><\/p>\n\n\n\n<p><strong>PROJEKT<\/strong><\/p>\n\n\n\n<p>Projekt Gda\u0144sk Miastem Zawodowc\u00f3w \u2013 etap II jest dofinansowany w ramach programu regionalnego Fundusze Europejskie dla Pomorza (EFS+), dzia\u0142ania 5.8 Edukacja og\u00f3lna i zawodowa. Realizacja dzia\u0142a\u0144 rozpoczyna si\u0119 01.04.2024 i potrwa do 31.12.2028. Beneficjentem projektu jest Gmina Miasta Gda\u0144ska, w kt\u00f3rej imieniu dzia\u0142ania realizuje Gda\u0144skie Centrum Us\u0142ug wsp\u00f3lnych.<\/p>\n\n\n\n<p><strong>CELE PROJEKTU<\/strong><\/p>\n\n\n\n<p>G\u0142\u00f3wnym celem projektu jest podniesienie jako\u015bci szkolnictwa zawodowego przez dostosowanie szk\u00f3\u0142 zawodowych do zmieniaj\u0105cej si\u0119 gospodarki, w tym, w szczeg\u00f3lno\u015bci do potrzeb bran\u017c kluczowych dla regionu. Wsparciem zostanie obj\u0119tych 5 zespo\u0142\u00f3w szk\u00f3\u0142 w sk\u0142ad kt\u00f3rych wchodzi 5 technik\u00f3w oraz 4 szko\u0142y bran\u017cowe I stopnia: <strong><\/strong><\/p>\n\n\n\n<ol class=\"wp-block-list\">\n<li>Zesp\u00f3\u0142 Szk\u00f3\u0142 Energetycznych: Technikum Nr 13, Szko\u0142a Bran\u017cowa I st. nr 10<\/li>\n\n\n\n<li>Szko\u0142y Okr\u0119towe i Techniczne \u201eConradinum\u201d: Technikum Nr 18, Szko\u0142a Bran\u017cowa I st. nr 18<\/li>\n\n\n\n<li>Zesp\u00f3\u0142 Szk\u00f3\u0142 \u0141\u0105czno\u015bci: Technikum Nr 4<\/li>\n\n\n\n<li>Zesp\u00f3\u0142 Szk\u00f3\u0142 Morskich: Technikum Nr 16, Szko\u0142a Bran\u017cowa I st. nr 16<\/li>\n\n\n\n<li>Zesp\u00f3\u0142 Szk\u00f3\u0142 Gastronomiczno-Hotelarskich: Technikum Nr 3, Szko\u0142a Bran\u017cowa I st. nr 3<\/li>\n<\/ol>\n\n\n\n<p>Cele szczeg\u00f3\u0142owe projektu:<\/p>\n\n\n\n<ul class=\"wp-block-list\">\n<li>zwi\u0119kszenie szans uczni\u00f3w i uczennic szk\u00f3\u0142 zawodowych na odniesienie sukcesu na rynku pracy, w tym poprzez nabycie tzw. kompetencji mi\u0119kkich, kompetencji lub kwalifikacji zawodowych,<\/li>\n\n\n\n<li>dostosowanie kompetencji zawodowych nauczycieli i nauczycielek do wymog\u00f3w dynamicznie zmieniaj\u0105cego si\u0119 rynku pracy,<\/li>\n\n\n\n<li>zwi\u0119kszenie udzia\u0142u i usystematyzowanie wsp\u00f3\u0142pracy szk\u00f3\u0142 zawodowych z pracodawcami,<\/li>\n\n\n\n<li>promocja pozytywnego wizerunku szkolnictwa zawodowego w\u015br\u00f3d mieszka\u0144c\u00f3w Pomorza.<\/li>\n<\/ul>\n\n\n\n<p><strong>DLA KOGO<\/strong><\/p>\n\n\n\n<p>Grup\u0119 docelow\u0105 Projektu stanowi:<\/p>\n\n\n\n<ul class=\"wp-block-list\">\n<li>2285 uczni\u00f3w i uczennic szk\u00f3\u0142 zawodowych kszta\u0142c\u0105cy si\u0119 w bran\u017cach: teleinformatycznej, elektroniczno-mechatronicznej, elektroenergetycznej, spedycyjno-logistycznej, hotelarsko-gastronomiczno-turystycznej i transportu wodnego.<\/li>\n\n\n\n<li>350 przedstawicieli kadry szk\u00f3\u0142 (nauczyciele\/ nauczycielki, instruktorzy\/ instruktorki praktycznej nauki zawodu, pedagodzy\/pedago\u017cki, psychologowie\/ psycholo\u017cki, dyrektorzy\/ dyrektorki).<\/li>\n<\/ul>\n\n\n\n<p><strong>WSPARCIE ZAPLANOWANE W PROJEKCIE<\/strong><\/p>\n\n\n\n<p>W ramach projekty b\u0119dzie mo\u017cna skorzysta\u0107 z:<\/p>\n\n\n\n<p>\u2022 4060 miejsc na darmowych lub cz\u0119\u015bciowo odp\u0142atnych szkole\u0144 i kurs\u00f3w dla uczni\u00f3w i uczennic oraz 176 miejsc dla kadry szko\u0142y;<\/p>\n\n\n\n<p>\u2022 1650 p\u0142atnych sta\u017cy dla uczni\u00f3w i uczennic<\/p>\n\n\n\n<p>\u2022 Wizyt studyjnych dla uczni\u00f3w i uczennic<\/p>\n\n\n\n<p>\u2022 180 miejsc na zaj\u0119ciach z doradztwa zawodowego dla uczni\u00f3w i uczennic<\/p>\n\n\n\n<p>\u2022 Warsztat\u00f3w w zakresie doskonalenia zawodowego dla kadry szk\u00f3\u0142<\/p>\n\n\n\n<p>\u2022 Studi\u00f3w podyplomowych dla nauczycieli<\/p>\n\n\n\n<p><strong>EFEKTY REALIZACJI CEL\u00d3W PROJEKTU\u00a0<\/strong><\/p>\n\n\n\n<ol start=\"1\" class=\"wp-block-list\"><\/ol>\n\n\n\n<ul class=\"wp-block-list\">\n<li>Zdobycie kwalifikacji, kompetencji, umiej\u0119tno\u015bci zawodowych\u00a0<\/li>\n\n\n\n<li>Zdobycie do\u015bwiadczenia zawodowego oraz zwi\u0119kszenia szans na p\u00f3\u017aniejsze zatrudnienie poprzez uczestnictwo w sta\u017cu\u00a0<\/li>\n\n\n\n<li>Stworzenie warunk\u00f3w w szko\u0142ach pozwalaj\u0105cych na zaspokojenie aspiracji edukacyjnych i zawodowych\u00a0<\/li>\n\n\n\n<li>Wykwalifikowani absolwenci korzy\u015bci\u0105 dla pracodawc\u00f3w z obszaru wojew\u00f3dztwa pomorskiego\u00a0<\/li>\n\n\n\n<li>Wsparcie uczni\u00f3w i uczennic w planowaniu kariery zawodowej podnosz\u0105ce wzrost \u015bwiadomo\u015bci w zakresie kszta\u0142towania w\u0142asnej \u015bcie\u017cki kariery\u00a0\u00a0<\/li>\n\n\n\n<li>Doposa\u017canie bran\u017cowej bazy dydaktycznej szk\u00f3\u0142\u00a0<\/li>\n\n\n\n<li>Dostosowanie pracowni przedmiotowych do wymog\u00f3w egzaminacyjnych oraz stwarzaj\u0105ce warunki do nauki zbli\u017cone do wymaga\u0144 rynku pracy\u00a0<\/li>\n\n\n\n<li>Zwi\u0119kszenie poziomu wsp\u00f3\u0142pracy szk\u00f3\u0142 z pracodawcami\u00a0<\/li>\n<\/ul>\n\n\n\n<p><strong>REZULTATY<\/strong>:\u00a0<\/p>\n\n\n\n<ul class=\"wp-block-list\">\n<li>1650 zrealizowanych sta\u017cy\u00a0<\/li>\n\n\n\n<li>4060 osoboszkole\u0144 dla uczni\u00f3w\u00a0<\/li>\n\n\n\n<li>158 osoboszkole\u0144 dla kadry szk\u00f3\u0142\u00a0<\/li>\n\n\n\n<li>1828 uczni\u00f3w i uczennic i 141 przedstawicieli kadry, kt\u00f3rzy nabyli kwalifikacje<\/li>\n<\/ul>\n\n\n\n<p><\/p>\n\n\n\n<p>Ponadto planujemy doposa\u017cenie 30 pracowni w szko\u0142ach w pomoce dydaktyczne, dla 5 szk\u00f3\u0142 zapewnimy dost\u0119p do gry symulacyjnej w zakresie przedsi\u0119biorczo\u015bci oraz wyposa\u017cymy 43 przedmiotowe pracownie. Warto\u015b\u0107 projektu: 27.549.607,48 z\u0142, w tym wysoko\u015b\u0107 dofinansowana z Funduszy Europejskich: 24.794.646,73 z\u0142.<\/p>\n\n\n\n<p>#FunduszeUE<\/p>\n\n\n\n<p>#Fundusze Europejskie<\/p>\n","protected":false},"excerpt":{"rendered":"<p>Informacja o zmianie administratora danych osobowych Szanowni Pa\u0144stwo, Uprzejmie informujemy, \u017ce w zwi\u0105zku ze zmianami organizacyjnymi zadania, dotychczasowego administratora danych osobowych \u2013&nbsp;Centrum Kszta\u0142cenia Zawodowego i Ustawicznego nr 1 w Gda\u0144sku, z siedzib\u0105 przy al. Gen. Hallera 16\/18, 80-426 Gda\u0144sk, w zakresie wykonywania realizacji projekt\u00f3w i [&hellip;]<\/p>\n","protected":false},"author":1,"featured_media":0,"parent":0,"menu_order":0,"comment_status":"closed","ping_status":"closed","template":"","meta":{"footnotes":""},"class_list":["post-9","page","type-page","status-publish","hentry"],"_links":{"self":[{"href":"https:\/\/gmz.ckziu1.gda.pl\/index.php\/wp-json\/wp\/v2\/pages\/9","targetHints":{"allow":["GET"]}}],"collection":[{"href":"https:\/\/gmz.ckziu1.gda.pl\/index.php\/wp-json\/wp\/v2\/pages"}],"about":[{"href":"https:\/\/gmz.ckziu1.gda.pl\/index.php\/wp-json\/wp\/v2\/types\/page"}],"author":[{"embeddable":true,"href":"https:\/\/gmz.ckziu1.gda.pl\/index.php\/wp-json\/wp\/v2\/users\/1"}],"replies":[{"embeddable":true,"href":"https:\/\/gmz.ckziu1.gda.pl\/index.php\/wp-json\/wp\/v2\/comments?post=9"}],"version-history":[{"count":10,"href":"https:\/\/gmz.ckziu1.gda.pl\/index.php\/wp-json\/wp\/v2\/pages\/9\/revisions"}],"predecessor-version":[{"id":851,"href":"https:\/\/gmz.ckziu1.gda.pl\/index.php\/wp-json\/wp\/v2\/pages\/9\/revisions\/851"}],"wp:attachment":[{"href":"https:\/\/gmz.ckziu1.gda.pl\/index.php\/wp-json\/wp\/v2\/media?parent=9"}],"curies":[{"name":"wp","href":"https:\/\/api.w.org\/{rel}","templated":true}]}}